{"id":12,"date":"2025-04-15T10:08:55","date_gmt":"2025-04-15T10:08:55","guid":{"rendered":"https:\/\/hablamoshoy.de\/?page_id=12"},"modified":"2025-08-12T10:15:29","modified_gmt":"2025-08-12T10:15:29","slug":"home","status":"publish","type":"page","link":"https:\/\/hablamoshoy.de\/","title":{"rendered":"Home"},"content":{"rendered":"\t\t<div data-elementor-type=\"wp-page\" data-elementor-id=\"12\" class=\"elementor elementor-12\">\n\t\t\t\t<div class=\"elementor-element elementor-element-a964f6a elementor-hidden-mobile e-flex e-con-boxed e-con e-parent\" data-id=\"a964f6a\" data-element_type=\"container\" data-e-type=\"container\" data-settings=\"{&quot;background_background&quot;:&quot;classic&quot;}\">\n\t\t\t\t\t<div class=\"e-con-inner\">\n\t\t<div class=\"elementor-element elementor-element-4ae235b e-con-full e-flex e-con e-child\" data-id=\"4ae235b\" data-element_type=\"container\" data-e-type=\"container\">\n\t\t\t\t<div class=\"elementor-element elementor-element-ef7f41c elementor-invisible elementor-widget elementor-widget-image\" data-id=\"ef7f41c\" data-element_type=\"widget\" data-e-type=\"widget\" data-settings=\"{&quot;_animation&quot;:&quot;fadeIn&quot;}\" data-widget_type=\"image.default\">\n\t\t\t\t<div class=\"elementor-widget-container\">\n\t\t\t\t\t\t\t\t\t\t\t\t\t\t\t<img fetchpriority=\"high\" decoding=\"async\" width=\"768\" height=\"1086\" src=\"https:\/\/hablamoshoy.de\/wp-content\/uploads\/2025\/04\/a4lati-768x1086.png\" class=\"attachment-medium_large size-medium_large wp-image-83\" alt=\"\" srcset=\"https:\/\/hablamoshoy.de\/wp-content\/uploads\/2025\/04\/a4lati-768x1086.png 768w, https:\/\/hablamoshoy.de\/wp-content\/uploads\/2025\/04\/a4lati-212x300.png 212w, https:\/\/hablamoshoy.de\/wp-content\/uploads\/2025\/04\/a4lati-724x1024.png 724w, https:\/\/hablamoshoy.de\/wp-content\/uploads\/2025\/04\/a4lati-1086x1536.png 1086w, https:\/\/hablamoshoy.de\/wp-content\/uploads\/2025\/04\/a4lati-1448x2048.png 1448w\" sizes=\"(max-width: 768px) 100vw, 768px\" \/>\t\t\t\t\t\t\t\t\t\t\t\t\t\t\t<\/div>\n\t\t\t\t<\/div>\n\t\t\t\t<\/div>\n\t\t<div class=\"elementor-element elementor-element-fc204a5 e-con-full e-flex e-con e-child\" data-id=\"fc204a5\" data-element_type=\"container\" data-e-type=\"container\" data-settings=\"{&quot;background_background&quot;:&quot;classic&quot;}\">\n\t\t\t\t<div class=\"elementor-element elementor-element-d3f744b elementor-invisible elementor-widget elementor-widget-image\" data-id=\"d3f744b\" data-element_type=\"widget\" data-e-type=\"widget\" data-settings=\"{&quot;_animation&quot;:&quot;rotateIn&quot;}\" data-widget_type=\"image.default\">\n\t\t\t\t<div class=\"elementor-widget-container\">\n\t\t\t\t\t\t\t\t\t\t\t\t\t\t\t<img decoding=\"async\" width=\"300\" height=\"164\" src=\"https:\/\/hablamoshoy.de\/wp-content\/uploads\/2025\/04\/smalllogoes-300x164.png\" class=\"attachment-medium size-medium wp-image-201\" alt=\"\" srcset=\"https:\/\/hablamoshoy.de\/wp-content\/uploads\/2025\/04\/smalllogoes-300x164.png 300w, https:\/\/hablamoshoy.de\/wp-content\/uploads\/2025\/04\/smalllogoes.png 368w\" sizes=\"(max-width: 300px) 100vw, 300px\" \/>\t\t\t\t\t\t\t\t\t\t\t\t\t\t\t<\/div>\n\t\t\t\t<\/div>\n\t\t\t\t<div class=\"elementor-element elementor-element-19567cf elementor-widget elementor-widget-text-editor\" data-id=\"19567cf\" data-element_type=\"widget\" data-e-type=\"widget\" data-widget_type=\"text-editor.default\">\n\t\t\t\t<div class=\"elementor-widget-container\">\n\t\t\t\t\t\t\t\t\t<p>Sr. Berta<\/p>\t\t\t\t\t\t\t\t<\/div>\n\t\t\t\t<\/div>\n\t\t\t\t<div class=\"elementor-element elementor-element-e30190d elementor-invisible elementor-widget elementor-widget-heading\" data-id=\"e30190d\" data-element_type=\"widget\" data-e-type=\"widget\" data-settings=\"{&quot;_animation&quot;:&quot;slideInLeft&quot;}\" data-widget_type=\"heading.default\">\n\t\t\t\t<div class=\"elementor-widget-container\">\n\t\t\t\t\t<h2 class=\"elementor-heading-title elementor-size-default\">Clases para ti<\/h2>\t\t\t\t<\/div>\n\t\t\t\t<\/div>\n\t\t\t\t<div class=\"elementor-element elementor-element-5027ea3 elementor-widget elementor-widget-text-editor\" data-id=\"5027ea3\" data-element_type=\"widget\" data-e-type=\"widget\" data-widget_type=\"text-editor.default\">\n\t\t\t\t<div class=\"elementor-widget-container\">\n\t\t\t\t\t\t\t\t\t<p>\u00bfQuieres concentrarte m\u00e1s en la conversaci\u00f3n que en la gram\u00e1tica? \u00bfCansado\/a de aprender con un libro? Este curso es para ti. Nos centraremos principalmente en c\u00f3mo conversar con otros hispanohablantes, tanto como expansion vocabulario.<\/p>\t\t\t\t\t\t\t\t<\/div>\n\t\t\t\t<\/div>\n\t\t\t\t<div class=\"elementor-element elementor-element-281db01 elementor-widget elementor-widget-text-editor\" data-id=\"281db01\" data-element_type=\"widget\" data-e-type=\"widget\" data-widget_type=\"text-editor.default\">\n\t\t\t\t<div class=\"elementor-widget-container\">\n\t\t\t\t\t\t\t\t\t<p>M\u00f6chten Sie sich mehr auf das Gespr\u00e4ch konzentrieren, das Sie in der Grammatik lesen? M\u00f6chten Sie ein Buch lesen? Dieser Kurs ist f\u00fcr Sie. Unsere Hauptaufgabe besteht darin, mit anderen Hispanohablanten zu sprechen, die wie eine Erweiterung des Vokabulars aussehen.<\/p>\t\t\t\t\t\t\t\t<\/div>\n\t\t\t\t<\/div>\n\t\t\t\t<div class=\"elementor-element elementor-element-ecde649 elementor-widget elementor-widget-spacer\" data-id=\"ecde649\" data-element_type=\"widget\" data-e-type=\"widget\" data-widget_type=\"spacer.default\">\n\t\t\t\t<div class=\"elementor-widget-container\">\n\t\t\t\t\t\t\t<div class=\"elementor-spacer\">\n\t\t\t<div class=\"elementor-spacer-inner\"><\/div>\n\t\t<\/div>\n\t\t\t\t\t\t<\/div>\n\t\t\t\t<\/div>\n\t\t\t\t<\/div>\n\t\t\t\t\t<\/div>\n\t\t\t\t<\/div>\n\t\t<div class=\"elementor-element elementor-element-2cee8c8 elementor-hidden-mobile e-flex e-con-boxed e-con e-parent\" data-id=\"2cee8c8\" data-element_type=\"container\" data-e-type=\"container\">\n\t\t\t\t\t<div class=\"e-con-inner\">\n\t\t<div class=\"elementor-element elementor-element-45a6504 e-con-full e-flex e-con e-child\" data-id=\"45a6504\" data-element_type=\"container\" data-e-type=\"container\">\n\t\t\t\t<div class=\"elementor-element elementor-element-e6ac44c elementor-fixed elementor-invisible elementor-widget elementor-widget-image\" data-id=\"e6ac44c\" data-element_type=\"widget\" data-e-type=\"widget\" data-settings=\"{&quot;_position&quot;:&quot;fixed&quot;,&quot;_animation&quot;:&quot;fadeInDown&quot;}\" data-widget_type=\"image.default\">\n\t\t\t\t<div class=\"elementor-widget-container\">\n\t\t\t\t\t\t\t\t\t\t\t\t\t\t\t<img decoding=\"async\" width=\"300\" height=\"240\" src=\"https:\/\/hablamoshoy.de\/wp-content\/uploads\/2025\/04\/borderup-300x240.png\" class=\"attachment-medium size-medium wp-image-43\" alt=\"\" srcset=\"https:\/\/hablamoshoy.de\/wp-content\/uploads\/2025\/04\/borderup-300x240.png 300w, https:\/\/hablamoshoy.de\/wp-content\/uploads\/2025\/04\/borderup-1024x819.png 1024w, https:\/\/hablamoshoy.de\/wp-content\/uploads\/2025\/04\/borderup-768x614.png 768w, https:\/\/hablamoshoy.de\/wp-content\/uploads\/2025\/04\/borderup.png 1280w\" sizes=\"(max-width: 300px) 100vw, 300px\" \/>\t\t\t\t\t\t\t\t\t\t\t\t\t\t\t<\/div>\n\t\t\t\t<\/div>\n\t\t\t\t<\/div>\n\t\t<div class=\"elementor-element elementor-element-517c1d3 e-con-full e-flex e-con e-child\" data-id=\"517c1d3\" data-element_type=\"container\" data-e-type=\"container\">\n\t\t\t\t<\/div>\n\t\t<div class=\"elementor-element elementor-element-6d28419 e-con-full e-flex e-con e-child\" data-id=\"6d28419\" data-element_type=\"container\" data-e-type=\"container\">\n\t\t\t\t<div class=\"elementor-element elementor-element-67fa0bf elementor-fixed elementor-invisible elementor-widget elementor-widget-image\" data-id=\"67fa0bf\" data-element_type=\"widget\" data-e-type=\"widget\" data-settings=\"{&quot;_position&quot;:&quot;fixed&quot;,&quot;_animation&quot;:&quot;fadeInUp&quot;}\" data-widget_type=\"image.default\">\n\t\t\t\t<div class=\"elementor-widget-container\">\n\t\t\t\t\t\t\t\t\t\t\t\t\t\t\t<img loading=\"lazy\" decoding=\"async\" width=\"300\" height=\"240\" src=\"https:\/\/hablamoshoy.de\/wp-content\/uploads\/2025\/04\/borderdown-300x240.png\" class=\"attachment-medium size-medium wp-image-45\" alt=\"\" srcset=\"https:\/\/hablamoshoy.de\/wp-content\/uploads\/2025\/04\/borderdown-300x240.png 300w, https:\/\/hablamoshoy.de\/wp-content\/uploads\/2025\/04\/borderdown-1024x819.png 1024w, https:\/\/hablamoshoy.de\/wp-content\/uploads\/2025\/04\/borderdown-768x614.png 768w, https:\/\/hablamoshoy.de\/wp-content\/uploads\/2025\/04\/borderdown.png 1280w\" sizes=\"(max-width: 300px) 100vw, 300px\" \/>\t\t\t\t\t\t\t\t\t\t\t\t\t\t\t<\/div>\n\t\t\t\t<\/div>\n\t\t\t\t<\/div>\n\t\t\t\t\t<\/div>\n\t\t\t\t<\/div>\n\t\t<div class=\"elementor-element elementor-element-57a87b6 e-flex e-con-boxed e-con e-parent\" data-id=\"57a87b6\" data-element_type=\"container\" data-e-type=\"container\">\n\t\t\t\t\t<div class=\"e-con-inner\">\n\t\t<div class=\"elementor-element elementor-element-56faa3d e-con-full e-flex e-con e-child\" data-id=\"56faa3d\" data-element_type=\"container\" data-e-type=\"container\">\n\t\t\t\t<div class=\"elementor-element elementor-element-70d4ccf elementor-fixed elementor-hidden-desktop elementor-hidden-tablet elementor-invisible elementor-widget elementor-widget-image\" data-id=\"70d4ccf\" data-element_type=\"widget\" data-e-type=\"widget\" data-settings=\"{&quot;_position&quot;:&quot;fixed&quot;,&quot;_animation&quot;:&quot;fadeInDown&quot;}\" data-widget_type=\"image.default\">\n\t\t\t\t<div class=\"elementor-widget-container\">\n\t\t\t\t\t\t\t\t\t\t\t\t\t\t\t<img loading=\"lazy\" decoding=\"async\" width=\"150\" height=\"150\" src=\"https:\/\/hablamoshoy.de\/wp-content\/uploads\/2025\/04\/borderup-150x150.png\" class=\"attachment-thumbnail size-thumbnail wp-image-43\" alt=\"\" \/>\t\t\t\t\t\t\t\t\t\t\t\t\t\t\t<\/div>\n\t\t\t\t<\/div>\n\t\t\t\t<\/div>\n\t\t<div class=\"elementor-element elementor-element-8e5b81d e-con-full e-flex e-con e-child\" data-id=\"8e5b81d\" data-element_type=\"container\" data-e-type=\"container\">\n\t\t\t\t<\/div>\n\t\t<div class=\"elementor-element elementor-element-a3a14f7 e-con-full e-flex e-con e-child\" data-id=\"a3a14f7\" data-element_type=\"container\" data-e-type=\"container\">\n\t\t\t\t<div class=\"elementor-element elementor-element-2565ef8 elementor-fixed elementor-hidden-desktop elementor-hidden-tablet elementor-invisible elementor-widget elementor-widget-image\" data-id=\"2565ef8\" data-element_type=\"widget\" data-e-type=\"widget\" data-settings=\"{&quot;_position&quot;:&quot;fixed&quot;,&quot;_animation&quot;:&quot;fadeInUp&quot;}\" data-widget_type=\"image.default\">\n\t\t\t\t<div class=\"elementor-widget-container\">\n\t\t\t\t\t\t\t\t\t\t\t\t\t\t\t<img loading=\"lazy\" decoding=\"async\" width=\"150\" height=\"150\" src=\"https:\/\/hablamoshoy.de\/wp-content\/uploads\/2025\/04\/borderdown-150x150.png\" class=\"attachment-thumbnail size-thumbnail wp-image-45\" alt=\"\" \/>\t\t\t\t\t\t\t\t\t\t\t\t\t\t\t<\/div>\n\t\t\t\t<\/div>\n\t\t\t\t<\/div>\n\t\t\t\t\t<\/div>\n\t\t\t\t<\/div>\n\t\t<div class=\"elementor-element elementor-element-2103fc7 elementor-hidden-desktop elementor-hidden-tablet e-flex e-con-boxed e-con e-parent\" data-id=\"2103fc7\" data-element_type=\"container\" data-e-type=\"container\" data-settings=\"{&quot;background_background&quot;:&quot;classic&quot;}\">\n\t\t\t\t\t<div class=\"e-con-inner\">\n\t\t<div class=\"elementor-element elementor-element-16524fd e-con-full e-flex e-con e-child\" data-id=\"16524fd\" data-element_type=\"container\" data-e-type=\"container\" data-settings=\"{&quot;background_background&quot;:&quot;classic&quot;}\">\n\t\t\t\t<div class=\"elementor-element elementor-element-6e2fdfe elementor-invisible elementor-widget elementor-widget-image\" data-id=\"6e2fdfe\" data-element_type=\"widget\" data-e-type=\"widget\" data-settings=\"{&quot;_animation&quot;:&quot;rotateIn&quot;}\" data-widget_type=\"image.default\">\n\t\t\t\t<div class=\"elementor-widget-container\">\n\t\t\t\t\t\t\t\t\t\t\t\t\t\t\t<img decoding=\"async\" width=\"300\" height=\"164\" src=\"https:\/\/hablamoshoy.de\/wp-content\/uploads\/2025\/04\/smalllogoes-300x164.png\" class=\"attachment-medium size-medium wp-image-201\" alt=\"\" srcset=\"https:\/\/hablamoshoy.de\/wp-content\/uploads\/2025\/04\/smalllogoes-300x164.png 300w, https:\/\/hablamoshoy.de\/wp-content\/uploads\/2025\/04\/smalllogoes.png 368w\" sizes=\"(max-width: 300px) 100vw, 300px\" \/>\t\t\t\t\t\t\t\t\t\t\t\t\t\t\t<\/div>\n\t\t\t\t<\/div>\n\t\t\t\t<div class=\"elementor-element elementor-element-6f0615b elementor-widget elementor-widget-text-editor\" data-id=\"6f0615b\" data-element_type=\"widget\" data-e-type=\"widget\" data-widget_type=\"text-editor.default\">\n\t\t\t\t<div class=\"elementor-widget-container\">\n\t\t\t\t\t\t\t\t\t<p>STELLT VOR<\/p>\t\t\t\t\t\t\t\t<\/div>\n\t\t\t\t<\/div>\n\t\t\t\t<div class=\"elementor-element elementor-element-edc6dc0 elementor-invisible elementor-widget elementor-widget-heading\" data-id=\"edc6dc0\" data-element_type=\"widget\" data-e-type=\"widget\" data-settings=\"{&quot;_animation&quot;:&quot;slideInLeft&quot;}\" data-widget_type=\"heading.default\">\n\t\t\t\t<div class=\"elementor-widget-container\">\n\t\t\t\t\t<h2 class=\"elementor-heading-title elementor-size-default\">HISPANOAMERICA<\/h2>\t\t\t\t<\/div>\n\t\t\t\t<\/div>\n\t\t\t\t<div class=\"elementor-element elementor-element-9f8127b elementor-widget elementor-widget-text-editor\" data-id=\"9f8127b\" data-element_type=\"widget\" data-e-type=\"widget\" data-widget_type=\"text-editor.default\">\n\t\t\t\t<div class=\"elementor-widget-container\">\n\t\t\t\t\t\t\t\t\t<p>COSAS INTERESANTES<\/p><p>MAY 20 2025<br \/>SOZIALKULTURELLE &amp; FACTEN<\/p>\t\t\t\t\t\t\t\t<\/div>\n\t\t\t\t<\/div>\n\t\t\t\t<div class=\"elementor-element elementor-element-a927257 elementor-widget elementor-widget-text-editor\" data-id=\"a927257\" data-element_type=\"widget\" data-e-type=\"widget\" data-widget_type=\"text-editor.default\">\n\t\t\t\t<div class=\"elementor-widget-container\">\n\t\t\t\t\t\t\t\t\t<p>Suchst du nach etwas Abwechslung? <br \/>Komm mit uns zum Spanisch-Amerika-Workshop.<\/p><p>Hier kannst du etwas Neues lernen oder einfach nur Spa\u00df haben.<\/p><p>Die Workshops behandeln auf humorvolle Weise verschiedene Aspekte, von Sozialverhalten bis hin zu Linguistik. Es handelt sich um eine ulkige Art improvisierter Deutsch- und Spanischkenntnisse, die Ihnen eine unterhaltsame und lehrreiche Einf\u00fchrung in das hispanische Amerika aus der Sicht eines Einheimischen bietet.<\/p><p>Wenn Filme nicht gut genug sind, dann ist das echte Leben gut genug.<\/p>\t\t\t\t\t\t\t\t<\/div>\n\t\t\t\t<\/div>\n\t\t\t\t<div class=\"elementor-element elementor-element-ec7ecc8 elementor-widget elementor-widget-spacer\" data-id=\"ec7ecc8\" data-element_type=\"widget\" data-e-type=\"widget\" data-widget_type=\"spacer.default\">\n\t\t\t\t<div class=\"elementor-widget-container\">\n\t\t\t\t\t\t\t<div class=\"elementor-spacer\">\n\t\t\t<div class=\"elementor-spacer-inner\"><\/div>\n\t\t<\/div>\n\t\t\t\t\t\t<\/div>\n\t\t\t\t<\/div>\n\t\t\t\t<\/div>\n\t\t\t\t\t<\/div>\n\t\t\t\t<\/div>\n\t\t<div class=\"elementor-element elementor-element-15e7081 elementor-hidden-desktop elementor-hidden-tablet e-flex e-con-boxed e-con e-parent\" data-id=\"15e7081\" data-element_type=\"container\" data-e-type=\"container\">\n\t\t\t\t\t<div class=\"e-con-inner\">\n\t\t\t\t<div class=\"elementor-element elementor-element-4962f2c elementor-widget elementor-widget-image\" data-id=\"4962f2c\" data-element_type=\"widget\" data-e-type=\"widget\" data-settings=\"{&quot;_animation_mobile&quot;:&quot;slideInRight&quot;}\" data-widget_type=\"image.default\">\n\t\t\t\t<div class=\"elementor-widget-container\">\n\t\t\t\t\t\t\t\t\t\t\t\t\t\t\t<img loading=\"lazy\" decoding=\"async\" width=\"212\" height=\"300\" src=\"https:\/\/hablamoshoy.de\/wp-content\/uploads\/2025\/04\/a4lati-212x300.png\" class=\"attachment-medium size-medium wp-image-83\" alt=\"\" srcset=\"https:\/\/hablamoshoy.de\/wp-content\/uploads\/2025\/04\/a4lati-212x300.png 212w, https:\/\/hablamoshoy.de\/wp-content\/uploads\/2025\/04\/a4lati-724x1024.png 724w, https:\/\/hablamoshoy.de\/wp-content\/uploads\/2025\/04\/a4lati-768x1086.png 768w, https:\/\/hablamoshoy.de\/wp-content\/uploads\/2025\/04\/a4lati-1086x1536.png 1086w, https:\/\/hablamoshoy.de\/wp-content\/uploads\/2025\/04\/a4lati-1448x2048.png 1448w\" sizes=\"(max-width: 212px) 100vw, 212px\" \/>\t\t\t\t\t\t\t\t\t\t\t\t\t\t\t<\/div>\n\t\t\t\t<\/div>\n\t\t\t\t\t<\/div>\n\t\t\t\t<\/div>\n\t\t<div class=\"elementor-element elementor-element-125b701 e-flex e-con-boxed e-con e-parent\" data-id=\"125b701\" data-element_type=\"container\" data-e-type=\"container\">\n\t\t\t\t\t<div class=\"e-con-inner\">\n\t\t\t\t<div class=\"elementor-element elementor-element-2817b39 elementor-widget elementor-widget-text-editor\" data-id=\"2817b39\" data-element_type=\"widget\" data-e-type=\"widget\" data-widget_type=\"text-editor.default\">\n\t\t\t\t<div class=\"elementor-widget-container\">\n\t\t\t\t\t\t\t\t\t<p>Hablamos Hoy \u00a9 |\u00a0 2025<\/p>\t\t\t\t\t\t\t\t<\/div>\n\t\t\t\t<\/div>\n\t\t\t\t\t<\/div>\n\t\t\t\t<\/div>\n\t\t\t\t<\/div>\n\t\t","protected":false},"excerpt":{"rendered":"<p>Sr. Berta Clases para ti \u00bfQuieres concentrarte m\u00e1s en la conversaci\u00f3n que en la gram\u00e1tica? \u00bfCansado\/a de aprender con un libro? Este curso es para ti. Nos centraremos principalmente en c\u00f3mo conversar con otros hispanohablantes, tanto como expansion vocabulario. M\u00f6chten Sie sich mehr auf das Gespr\u00e4ch konzentrieren, das Sie in der Grammatik lesen? M\u00f6chten Sie&hellip;&nbsp;<\/p>\n","protected":false},"author":1,"featured_media":0,"parent":0,"menu_order":0,"comment_status":"closed","ping_status":"closed","template":"page-templates\/template-pagebuilder-full-width.php","meta":{"neve_meta_sidebar":"full-width","neve_meta_container":"full-width","neve_meta_enable_content_width":"","neve_meta_content_width":0,"neve_meta_title_alignment":"center","neve_meta_author_avatar":"","neve_post_elements_order":"","neve_meta_disable_header":"off","neve_meta_disable_footer":"on","neve_meta_disable_title":"on","footnotes":""},"class_list":["post-12","page","type-page","status-publish","hentry"],"_links":{"self":[{"href":"https:\/\/hablamoshoy.de\/index.php?rest_route=\/wp\/v2\/pages\/12","targetHints":{"allow":["GET"]}}],"collection":[{"href":"https:\/\/hablamoshoy.de\/index.php?rest_route=\/wp\/v2\/pages"}],"about":[{"href":"https:\/\/hablamoshoy.de\/index.php?rest_route=\/wp\/v2\/types\/page"}],"author":[{"embeddable":true,"href":"https:\/\/hablamoshoy.de\/index.php?rest_route=\/wp\/v2\/users\/1"}],"replies":[{"embeddable":true,"href":"https:\/\/hablamoshoy.de\/index.php?rest_route=%2Fwp%2Fv2%2Fcomments&post=12"}],"version-history":[{"count":224,"href":"https:\/\/hablamoshoy.de\/index.php?rest_route=\/wp\/v2\/pages\/12\/revisions"}],"predecessor-version":[{"id":275,"href":"https:\/\/hablamoshoy.de\/index.php?rest_route=\/wp\/v2\/pages\/12\/revisions\/275"}],"wp:attachment":[{"href":"https:\/\/hablamoshoy.de\/index.php?rest_route=%2Fwp%2Fv2%2Fmedia&parent=12"}],"curies":[{"name":"wp","href":"https:\/\/api.w.org\/{rel}","templated":true}]}}